{"id":148,"date":"2010-10-17T21:30:04","date_gmt":"2010-10-17T21:30:04","guid":{"rendered":"http:\/\/virtuallearning.org.uk\/?page_id=148"},"modified":"2010-10-18T07:47:37","modified_gmt":"2010-10-18T07:47:37","slug":"towards-a-theory-of-visual-learning","status":"publish","type":"page","link":"http:\/\/www.virtuallearning.org.uk\/?page_id=148","title":{"rendered":"Towards a Theory of Visual Learning"},"content":{"rendered":"<p>Learning can be seen as a mental function that relies on the acquisition of knowledge (of different types and range) that is grounded in information \u2013 whether specific or perceived. What is learned is used as the basis of further learning, skills, values, belief systems, ideologies and competences. The visual learning process is one that can be seen to underpin others (cf. Ostensiveness: Piaget, 1953.) The assumptions that follow are drawn from current thinking about the relationships between what we see, what we remember and what we know. They help to explain why visual learning may be important, and how a range of technologies may contribute to these processes.<\/p>\n<h2>What Science suggests<\/h2>\n<p>Connections in the brain are constantly changing: they are not hardwired (Greenfield, 2003). The synapses relating to vision peak at around 10 months. The density of these synapses then declines and stabilises around 10 years of age. It is the pattern, however, rather than the number of connections that is most important. In terms of cognitive development there are \u2018windows of time\u2019 in the developing brain: critical periods for neural connections and pathways (Hubel &amp; Weisel, 1981). The concept of plasticity is relevant here, in terms of the ways in which organisms adapt to environmental stimulus \u2013 in particular the brain, and the ways in which it adapts to stimuli (Maturana &amp; Varela, 1981.) Plasticity refers to the ways in which brain structures can change to better cope with the environment: neurons or synapses can change their internal parameters in response to inputs and stimuli. The theory of neuroplasticity (Shaw &amp; McEachern, 2001) describes the ways in which thinking, learning, and acting actually change both the brain&#8217;s physical structure and functional organization from top to bottom.<\/p>\n<p>Within the cortex, one region looks different from another, not because the function is different, but because of what it is connected to. However, all cortical regions perform a common function or algorithm (Mountcastle, 1978). Vision is no different from hearing, which is no different from motor output. Cortical connections across the different regions of the cortex are genetically determined.<\/p>\n<h2>What does this mean for Visual Learning?<\/h2>\n<p>The stimuli that come from the senses of sight and hearing are not the same, although there is a similarity in the way in which the cortex processes the signals. Therefore the cortex is dividing itself into task-specific functional areas long into childhood. The importance of plasticity is that the wiring of the neurocortex can change and rewire itself. The brain regions develop specialised functions based on information flowing in during the process of development.<\/p>\n<p>The sequence can be simplified as:<\/p>\n<p>Visual information \u00e0 optic nerve fibres \u00e0 thalamus \u00e0 primary visual cortex<\/p>\n<p>These inputs from visual information are converted: the inputs become neural signals. These neural signals act as \u2018action potentials\u2019, or spikes, and are partly chemical and partly electrical.<\/p>\n<p>Each set of patterns is experienced differently, but the input to the brain is no different for visual, aural, sensual, motor signals or stimuli.<\/p>\n<h2>Is Visual Learning more powerful?<\/h2>\n<p>Vision relies on both spatial and temporal patterns, which are constantly changing over time, unless we simply look at unmoving object, with no change in either the lighting or our own position. The visual input is more likely, therefore, to generate a greater number of \u2018action potentials\u2019 than other stimuli.<\/p>\n<p>The processes through which memory leads to recall are based on pattern sequences and temporal or spatial patterns recreated from partial versions of pattern sequences known as invariance. These invariant forms are stored in the cortical memory and reconstructed.<\/p>\n<h2>Cortical memory<\/h2>\n<p>The reconstruction of visual memory within the cortex can be represented as:<\/p>\n<p>Storing sequences \u00e0 auto-associative recall \u00e0 predictive ability \u00e0 Invariant representations<\/p>\n<h2>Interactivity<\/h2>\n<p>Changes in input\u00a0\u00a0\u00a0\u00a0\u00a0\u00a0\u00a0\u00a0\u00a0\u00a0\u00a0 \u00e0\u00a0\u00a0\u00a0\u00a0\u00a0\u00a0\u00a0\u00a0\u00a0\u00a0\u00a0 increases in range of predictive ability<\/p>\n<p>(Cf. Visual technologies in classrooms)<\/p>\n<p>Predictive behaviours and abilities are based on prior behaviour and experience \u2013 for example, the progression from Concrete through to Abstract thinking (Piaget). These can be termed invariant representations.<\/p>\n<h2>Imagination<\/h2>\n<p>If we consider that way in which imagination works \u2013 \u201c\u2026 seeing pictures in my head \u2026\u201d as one child said \u2013 then the process that we use for making predictions is reversed to produce neural inputs.<\/p>\n<p>Predictive output\u00a0\u00a0\u00a0\u00a0\u00a0\u00a0\u00a0\u00a0\u00a0\u00a0\u00a0 \u00e0\u00a0\u00a0\u00a0\u00a0\u00a0\u00a0\u00a0\u00a0\u00a0\u00a0\u00a0 reversed\u00a0\u00a0\u00a0\u00a0\u00a0\u00a0\u00a0\u00a0\u00a0\u00a0\u00a0 =\u00a0\u00a0\u00a0\u00a0\u00a0\u00a0\u00a0\u00a0\u00a0\u00a0\u00a0 inputs<\/p>\n<p>In this way the visualisation process is used for performative preparation, for example, by athletes, technicians, craft workers, artists and so on.<\/p>\n<h2>The Mind<\/h2>\n<p>And as for the Mind, it\u2019s what the Brain does \u2026<\/p>\n<h2>Changing performance: the role of Mirror Neurons<\/h2>\n<p>Mirror neurons are a class of nerve cells in areas of the brain. They relay signals for planning movement and carrying it out. The mirror system is activated when specific actions are watched, even concentrating on a separate task (Muthukumaraswamy, 2007). Motor systems in the brain are activated when a person observes an action being performed: it suggests that we understand and learn to imitate the actions of others through these brain mechanisms. Mirror neurons therefore reveal how children learn.<\/p>\n<p>Mirror neurons fire in response to chains of actions linked to intentions. They then provide a template for the individual to replicate, a model for analysis of others and for prediction.<\/p>\n<p>Mirror neurons provide clues to how children learn: they are active from birth (Meltzoff, 2007). This suggests that human children are \u2018hard-wired\u2019 to learn through imitation, with their mirror neurons involved in observing, and then practicing. Earlier studies \u2013 the theory of Observational Learning (Bandura, 1986) suggest that an observer\u2019s behaviour changes after viewing the behaviour of a model. Findings from research into mirror neurons provides additional support for the Observational Learning hypothesis, which was often typified as simply constructed from causal connections. In fact, observation directly improves muscle performance via mirror neurons. By watching a game, a performer will be better able to predict what will happen next.<\/p>\n<h2>Re-defining interactivity<\/h2>\n<p>For the past ten years the term \u2019interactive whiteboard\u2019 has produced discussion and dissent, with a significant group of educationalists and researchers expressing concern that the technology did not, in fact, appear to lead to a shift in pedagogy on the part of users \u2013 and that the technology seemed to reinforce traditional modes of pedagogy, rather than those considered \u2018interactive\u2019 (Moss et al, 2007).<\/p>\n<p>It may be helpful, however, to reconsider the notion of interactivity in the context of technology use, and see it in terms of the interaction between the visual objects and the ways in which these are processed. Changes in input, the ways in which mirror neurons process the inputs and the impact on memory and imagination, may be more significant than the preferred pedagogical approach of a teacher.<\/p>\n<h2>Implications for Education: why Visual Learning is powerful<\/h2>\n<p>Vision relies on both spatial and temporal patterns. These patterns are constantly changing over time. This visual input therefore generates a greater number of \u2018action potentials\u2019 than other stimuli (e.g., aural).<\/p>\n<p>The use of visual display technologies provides an easy focus for learners. By the visual sequencing a learning process mirror neurons can be fired and the sequence then replicated, modelled and applied to other contexts \u2013 a powerful reinforcement in mathematics education, for example (Averis et al, 2005).<\/p>\n<p>When we talk about interactivity (as, for example, with interactive whiteboards), the concept of interactivity should not necessarily be predicated solely in terms of the human actors. It is much more between the learner and the display \u2013 and the ways in which there are constantly changing visual inputs, and therefore more \u2018action potentials\u2019.<\/p>\n<p>These changes in input produce increases in the range of visual memory, predictive ability and in the visualisation process, with mirror neurons an integral part of the process.<\/p>\n<p>It should be stressed, however, that there are innate differences in perception: whilst a number of observers witness the same events, neither the \u2018action potentials\u2019 or the outcomes are necessarily identical.<\/p>\n<h2>References<\/h2>\n<p>Averis, D., Glover, D., Miller, D. (2005) Presentation and Pedagogy: The Effective Use of Interactive Whiteboards in Mathematics Lessons.<\/p>\n<p>Bandura, A. (1986). Social foundations of thought and action: A social cognitive theory. Englewood Cliffs, NJ: Prentice Hall.<\/p>\n<p>Cuthell, J. P. (2005a) The Impact of Interactive Whiteboards on Teaching, Learning and Attainment. In Price, J., Willis, D., Davis, N., &amp; Willis, J. (Eds.), Proceedings of SITE 2005 (pp. 1353 \u2013 1355) Norfolk, VA: Association for the Advancement of Computing in Education<\/p>\n<p>Cuthell, J. P. (2005a) The Impact of Interactive Whiteboards on Teaching, Learning and Attainment. In Price, J., Willis, D., Davis, N., &amp; Willis, J. (Eds.), Proceedings of SITE 2005 (pp. 1353 \u2013 1355) Norfolk, VA: Association for the Advancement of Computing in Education<\/p>\n<p>Cuthell, J. P. (2006) Tools for Transformation: The Impact of Interactive Whiteboards in a range of contexts. In Crawford, C. M., Carlsen, R., McFerrin, K., Price, J. Weber, R., Willis, D. A.\u00a0 (Eds.), Proceedings of SITE 2006 (pp. 1491 \u2013 1497) Norfolk, VA: Association for the Advancement of Computing in Education<\/p>\n<p>Cuthell, J. P (2008) The Use of Visualisers in Schools <a href=\"http:\/\/tinyurl.com\/8s2p9x\">http:\/\/tinyurl.com\/8s2p9x<\/a> Accessed 18.01.09<\/p>\n<p>Greenfield, S. (2003) Tomorrow\u2019s People. London. Allen Lane.<\/p>\n<p>Hubel, D. H., Weisel, T.N. (1981) Nobel Prize in Physiology for their discoveries concerning information processing in the visual system<\/p>\n<p>Kennewell, S. (2006) Reflections on the interactive whiteboard phenomenon: a synthesis of research from the UK Swansea School of Education. The Australian Association for Research in Education<\/p>\n<p>Maturana, H. R., Varela, F. J. (1980) Autopoiesis and Cognition. Dordrecht, Holland: D. Reidel.<\/p>\n<p>Meltzoff, A. N., &amp; Brooks, R. (2007). Intersubjectivity before language: Three windows on preverbal sharing. In S. Br\u00e5ten (Ed.), On being moved: From mirror neurons to empathy (pp. 149-174). Philadelphia, PA: John Benjamins.<\/p>\n<p>Moss, G., Jewitt, C., Levacic, R., Armstrong, V., Cardini, A. &amp; Castle, F. (2007) The Interactive Whiteboards, Pedagogy and Pupil Performance Evaluation:\u00a0 An Evaluation of the Schools Whiteboard\u00a0 Expansion (SWE) Project: London Challenge\u00a0\u00a0 Institute of Education DfES Research Report No 816<\/p>\n<p>Mountcastle, V. (1978) An Organising Principle for Cerebral Function: The unit module and the distributed system. In Edelman, G. M., &amp; Mountcastle, V. B. (1979). The Mindful Brain (pp. 17-49). Cambridge, Massachusetts: MIT Press.<\/p>\n<p>Muthukumaraswamy, S.D., Johnson, B.W., Gaetz, W.C., Cheyne, D.O. (2006). Neural Processing of Observed Oro-Facial Movements Reflects Multiple Action Encoding Strategies in the Human Brain. Cognitive Brain Research, 1071, 105-112.<\/p>\n<p>Piaget, J. (1953), The Origin of Intelligence in the Child, London, Routledge and Kegan Paul.<\/p>\n<p>Shaw, C., McEachern, J. (2001) Toward a Theory of Neuroplasticity. Hove, Sussex: Psychology Press. Taylor &amp; Francis<\/p>\n<p>Smith, F., Hardman, F., Higgins, S. (2007) The impact of interactive whiteboards on teacher-pupil interaction in the National Literacy and Numeracy Strategies 2006. British Educational Research Journal Volume: 32 Number: 3 pp. 437-451 ISBN\/ISSN: 0141-1926<\/p>\n","protected":false},"excerpt":{"rendered":"<p>Learning can be seen as a mental function that relies on the acquisition of knowledge (of different types and range) that is grounded in information \u2013 whether specific or perceived. What is learned is used as the basis of further learning, skills, values, belief systems, ideologies and competences. The visual learning process is one that&#8230; <a href=\"http:\/\/www.virtuallearning.org.uk\/?page_id=148\"> Read More&#8230;<\/a><\/p>\n","protected":false},"author":3,"featured_media":0,"parent":24,"menu_order":1,"comment_status":"open","ping_status":"open","template":"","meta":{"footnotes":""},"class_list":["post-148","page","type-page","status-publish","hentry"],"_links":{"self":[{"href":"http:\/\/www.virtuallearning.org.uk\/index.php?rest_route=\/wp\/v2\/pages\/148","targetHints":{"allow":["GET"]}}],"collection":[{"href":"http:\/\/www.virtuallearning.org.uk\/index.php?rest_route=\/wp\/v2\/pages"}],"about":[{"href":"http:\/\/www.virtuallearning.org.uk\/index.php?rest_route=\/wp\/v2\/types\/page"}],"author":[{"embeddable":true,"href":"http:\/\/www.virtuallearning.org.uk\/index.php?rest_route=\/wp\/v2\/users\/3"}],"replies":[{"embeddable":true,"href":"http:\/\/www.virtuallearning.org.uk\/index.php?rest_route=%2Fwp%2Fv2%2Fcomments&post=148"}],"version-history":[{"count":4,"href":"http:\/\/www.virtuallearning.org.uk\/index.php?rest_route=\/wp\/v2\/pages\/148\/revisions"}],"predecessor-version":[{"id":150,"href":"http:\/\/www.virtuallearning.org.uk\/index.php?rest_route=\/wp\/v2\/pages\/148\/revisions\/150"}],"up":[{"embeddable":true,"href":"http:\/\/www.virtuallearning.org.uk\/index.php?rest_route=\/wp\/v2\/pages\/24"}],"wp:attachment":[{"href":"http:\/\/www.virtuallearning.org.uk\/index.php?rest_route=%2Fwp%2Fv2%2Fmedia&parent=148"}],"curies":[{"name":"wp","href":"https:\/\/api.w.org\/{rel}","templated":true}]}}